{"id":1658,"date":"2019-10-01T01:10:13","date_gmt":"2019-09-30T23:10:13","guid":{"rendered":"https:\/\/www.azomo.ch\/safety\/?page_id=1658"},"modified":"2019-11-20T16:26:04","modified_gmt":"2019-11-20T15:26:04","slug":"partner-werden","status":"publish","type":"page","link":"https:\/\/www.azomo.ch\/safety\/de\/azomo\/partner-werden\/","title":{"rendered":"Partner werden"},"content":{"rendered":"<p>Als erstes m\u00f6chten wir Ihr Vertrauen gewinnen und Ihnen den Einstieg f\u00fcr den Vertrieb unserer Produkte leicht machen. Ihr finanzielles Engagement soll so gering wie m\u00f6glich sein und Ihr Risiko entsprechend minimal.<\/p>\n<p><strong>Im Netzwerk der Marke Azomo bieten wir Ihnen folgende M\u00f6glichkeiten:<\/strong><\/p>\n<ul>\n<li>Sie kaufen ein wie ein Grossh\u00e4ndler\/Agent<\/li>\n<li>Sie arbeiten direkt mit dem Produzenten, kurze Lieferkette<\/li>\n<li>Sie kaufen ab Werk, preislich interessant<\/li>\n<li>Sie gehen kein Risiko ein &#8211; die Mindestmengen sind attraktiv<\/li>\n<li>Sie sind in der gemeinsam definierten Region unser Partner<\/li>\n<li>Sie haben die Kunden &#8211; wir die Entwicklungs- und Produktionskapazit\u00e4ten, f\u00fcr die kleinen und grossen Gesch\u00e4fte<\/li>\n<\/ul>\n<p>Gemeinsam mit Ihnen und Ihren Kunden k\u00f6nnen einzigartige Produkte entstehen.<\/p>\n<p>M\u00f6chten Sie mehr erfahren? Bitte senden Sie ein Email mit dem Vermerk &#8222;Partner werden&#8220; an contact@azomo.ch.<\/p>\n","protected":false},"excerpt":{"rendered":"<p>Als erstes m\u00f6chten wir Ihr Vertrauen gewinnen und Ihnen den Einstieg f\u00fcr den Vertrieb unserer Produkte leicht machen. Ihr finanzielles Engagement soll so gering wie m\u00f6glich sein und Ihr Risiko entsprechend minimal. Im Netzwerk der Marke Azomo bieten wir Ihnen folgende M\u00f6glichkeiten: Sie kaufen ein wie ein Grossh\u00e4ndler\/Agent Sie arbeiten direkt mit dem Produzenten, kurze &hellip; <a href=\"https:\/\/www.azomo.ch\/safety\/de\/azomo\/partner-werden\/\" class=\"more-link\"><span class=\"screen-reader-text\">\u201ePartner werden\u201c<\/span> weiterlesen<\/a><\/p>\n","protected":false},"author":2,"featured_media":1656,"parent":863,"menu_order":0,"comment_status":"closed","ping_status":"closed","template":"","meta":{"_acf_changed":false,"footnotes":""},"class_list":["post-1658","page","type-page","status-publish","has-post-thumbnail","hentry"],"acf":[],"_links":{"self":[{"href":"https:\/\/www.azomo.ch\/safety\/de\/wp-json\/wp\/v2\/pages\/1658","targetHints":{"allow":["GET"]}}],"collection":[{"href":"https:\/\/www.azomo.ch\/safety\/de\/wp-json\/wp\/v2\/pages"}],"about":[{"href":"https:\/\/www.azomo.ch\/safety\/de\/wp-json\/wp\/v2\/types\/page"}],"author":[{"embeddable":true,"href":"https:\/\/www.azomo.ch\/safety\/de\/wp-json\/wp\/v2\/users\/2"}],"replies":[{"embeddable":true,"href":"https:\/\/www.azomo.ch\/safety\/de\/wp-json\/wp\/v2\/comments?post=1658"}],"version-history":[{"count":24,"href":"https:\/\/www.azomo.ch\/safety\/de\/wp-json\/wp\/v2\/pages\/1658\/revisions"}],"predecessor-version":[{"id":2464,"href":"https:\/\/www.azomo.ch\/safety\/de\/wp-json\/wp\/v2\/pages\/1658\/revisions\/2464"}],"up":[{"embeddable":true,"href":"https:\/\/www.azomo.ch\/safety\/de\/wp-json\/wp\/v2\/pages\/863"}],"wp:featuredmedia":[{"embeddable":true,"href":"https:\/\/www.azomo.ch\/safety\/de\/wp-json\/wp\/v2\/media\/1656"}],"wp:attachment":[{"href":"https:\/\/www.azomo.ch\/safety\/de\/wp-json\/wp\/v2\/media?parent=1658"}],"curies":[{"name":"wp","href":"https:\/\/api.w.org\/{rel}","templated":true}]}}