{"id":1546,"date":"2019-10-01T13:30:27","date_gmt":"2019-10-01T11:30:27","guid":{"rendered":"https:\/\/www.azomo.ch\/safety\/?page_id=1546"},"modified":"2019-11-25T13:37:55","modified_gmt":"2019-11-25T12:37:55","slug":"produktion-indien","status":"publish","type":"page","link":"https:\/\/www.azomo.ch\/safety\/de\/azomo\/produktion-indien\/","title":{"rendered":"Indien"},"content":{"rendered":"<h3>Produktionspartner in Indien<\/h3>\n<p>Die Produktion in Kanpur wurde vor 16 Jahren in einem industriell wenig erschlossenen Gebiet angesiedelt. Dank diesem Engagement konnten weitere Unternehmen aus verschiedenen Industrien motiviert werden, sich in derselben Gegend niederzulassen. Das hat massgeblich zur positiven Entwicklung der Region beigetragen und schuf viele Arbeitspl\u00e4tze.<\/p>\n<p>Rund 70% der Stellen werden heute durch qualifizierte Mitarbeitende besetzt, welche als Ungelernte praktisch chancenlos waren auf dem lokalen Arbeitsmarkt eine Besch\u00e4ftigung zu finden.<\/p>\n<p>Die festangestellten Mitarbeitenden arbeiten im Monatslohn. Sie sind bei einem Vorsorgefond im Falle von Krankheit, Mutterschaft und Invalidit\u00e4t versichert. Das Vorsorgeprogramm wird von der Employee&#8217;s Provident Fund Organisation (EPFO) verwaltet. Diese geh\u00f6rt zum Arbeitsministerium der Zentralregierung in Indien.<\/p>\n<p>Das Management von Azomo Indien hat jederzeit freien Zutritt zum Gel\u00e4nde und s\u00e4mtlichen Abteilungen des Betriebs. Das inhabergef\u00fchrte Unternehmen gew\u00e4hrt auch Einblick in die Personalabteilung und erm\u00f6glicht so die Kontrolle der Abgaben an die Sozialpartner.<\/p>\n<p>Die Pr\u00e4senz im Betrieb schafft auch N\u00e4he zu den einzelnen Mitarbeitenden. \u00dcber die Jahre entwickelte sich zu einigen ein enges Verh\u00e4ltnis. Kinderarbeit wird nicht toleriert und wurde auch nie festgestellt.<\/p>\n<p>Wir sind bestrebt, allen Mitarbeitenden eine weiterreichende Vorsorge anbieten zu k\u00f6nnen. Der Inhaber und das Azomo Management (Indien) pr\u00fcfen regelm\u00e4ssig das Angebot der privaten Vorsorge- und Versicherungsdienstleister und suchen nach geeigneten, bezahlbaren L\u00f6sungen.<\/p>\n<p>Die Firma ist ISO9001:2008 zertifiziert.<\/p>\n<p>Einen Eindruck gewinnen Sie hier:<\/p>\n<p><img loading=\"lazy\" decoding=\"async\" class=\" wp-image-1604 aligncenter\" src=\"https:\/\/www.azomo.ch\/safety\/wp-content\/uploads\/2019\/10\/Production_01.jpg\" alt=\"\" width=\"360\" height=\"240\" srcset=\"https:\/\/www.azomo.ch\/safety\/wp-content\/uploads\/2019\/10\/Production_01.jpg 1000w, https:\/\/www.azomo.ch\/safety\/wp-content\/uploads\/2019\/10\/Production_01-300x200.jpg 300w, https:\/\/www.azomo.ch\/safety\/wp-content\/uploads\/2019\/10\/Production_01-768x512.jpg 768w\" sizes=\"auto, (max-width: 360px) 85vw, 360px\" \/><img loading=\"lazy\" decoding=\"async\" class=\"wp-image-1606 aligncenter\" src=\"https:\/\/www.azomo.ch\/safety\/wp-content\/uploads\/2019\/10\/Production_02.jpg\" alt=\"\" width=\"359\" height=\"239\" srcset=\"https:\/\/www.azomo.ch\/safety\/wp-content\/uploads\/2019\/10\/Production_02.jpg 1000w, https:\/\/www.azomo.ch\/safety\/wp-content\/uploads\/2019\/10\/Production_02-300x200.jpg 300w, https:\/\/www.azomo.ch\/safety\/wp-content\/uploads\/2019\/10\/Production_02-768x512.jpg 768w\" sizes=\"auto, (max-width: 359px) 85vw, 359px\" \/><img loading=\"lazy\" decoding=\"async\" class=\" wp-image-1608 aligncenter\" src=\"https:\/\/www.azomo.ch\/safety\/wp-content\/uploads\/2019\/10\/Production_03.jpg\" alt=\"\" width=\"362\" height=\"241\" srcset=\"https:\/\/www.azomo.ch\/safety\/wp-content\/uploads\/2019\/10\/Production_03.jpg 974w, https:\/\/www.azomo.ch\/safety\/wp-content\/uploads\/2019\/10\/Production_03-300x200.jpg 300w, https:\/\/www.azomo.ch\/safety\/wp-content\/uploads\/2019\/10\/Production_03-768x513.jpg 768w\" sizes=\"auto, (max-width: 362px) 85vw, 362px\" \/><\/p>\n<p><img loading=\"lazy\" decoding=\"async\" class=\"wp-image-1610 aligncenter\" src=\"https:\/\/www.azomo.ch\/safety\/wp-content\/uploads\/2019\/10\/Production_04.jpg\" alt=\"\" width=\"364\" height=\"233\" srcset=\"https:\/\/www.azomo.ch\/safety\/wp-content\/uploads\/2019\/10\/Production_04.jpg 1000w, https:\/\/www.azomo.ch\/safety\/wp-content\/uploads\/2019\/10\/Production_04-300x192.jpg 300w, https:\/\/www.azomo.ch\/safety\/wp-content\/uploads\/2019\/10\/Production_04-768x492.jpg 768w\" sizes=\"auto, (max-width: 364px) 85vw, 364px\" \/><img loading=\"lazy\" decoding=\"async\" class=\"wp-image-1614 aligncenter\" src=\"https:\/\/www.azomo.ch\/safety\/wp-content\/uploads\/2019\/10\/Production_06.jpg\" alt=\"\" width=\"247\" height=\"370\" srcset=\"https:\/\/www.azomo.ch\/safety\/wp-content\/uploads\/2019\/10\/Production_06.jpg 667w, https:\/\/www.azomo.ch\/safety\/wp-content\/uploads\/2019\/10\/Production_06-200x300.jpg 200w\" sizes=\"auto, (max-width: 247px) 85vw, 247px\" \/><img loading=\"lazy\" decoding=\"async\" class=\"wp-image-1618 aligncenter\" src=\"https:\/\/www.azomo.ch\/safety\/wp-content\/uploads\/2019\/10\/Production_08.jpg\" alt=\"\" width=\"255\" height=\"382\" srcset=\"https:\/\/www.azomo.ch\/safety\/wp-content\/uploads\/2019\/10\/Production_08.jpg 667w, https:\/\/www.azomo.ch\/safety\/wp-content\/uploads\/2019\/10\/Production_08-200x300.jpg 200w\" sizes=\"auto, (max-width: 255px) 85vw, 255px\" \/><img loading=\"lazy\" decoding=\"async\" class=\"wp-image-1620 aligncenter\" src=\"https:\/\/www.azomo.ch\/safety\/wp-content\/uploads\/2019\/10\/QC_1.jpg\" alt=\"\" width=\"374\" height=\"249\" srcset=\"https:\/\/www.azomo.ch\/safety\/wp-content\/uploads\/2019\/10\/QC_1.jpg 1000w, https:\/\/www.azomo.ch\/safety\/wp-content\/uploads\/2019\/10\/QC_1-300x200.jpg 300w, https:\/\/www.azomo.ch\/safety\/wp-content\/uploads\/2019\/10\/QC_1-768x512.jpg 768w\" sizes=\"auto, (max-width: 374px) 85vw, 374px\" \/><img loading=\"lazy\" decoding=\"async\" class=\"wp-image-1622 aligncenter\" src=\"https:\/\/www.azomo.ch\/safety\/wp-content\/uploads\/2019\/10\/QC_2.jpg\" alt=\"\" width=\"374\" height=\"249\" srcset=\"https:\/\/www.azomo.ch\/safety\/wp-content\/uploads\/2019\/10\/QC_2.jpg 1000w, https:\/\/www.azomo.ch\/safety\/wp-content\/uploads\/2019\/10\/QC_2-300x200.jpg 300w, https:\/\/www.azomo.ch\/safety\/wp-content\/uploads\/2019\/10\/QC_2-768x512.jpg 768w\" sizes=\"auto, (max-width: 374px) 85vw, 374px\" \/><\/p>\n\n","protected":false},"excerpt":{"rendered":"<p>Produktionspartner in Indien Die Produktion in Kanpur wurde vor 16 Jahren in einem industriell wenig erschlossenen Gebiet angesiedelt. Dank diesem Engagement konnten weitere Unternehmen aus verschiedenen Industrien motiviert werden, sich in derselben Gegend niederzulassen. Das hat massgeblich zur positiven Entwicklung der Region beigetragen und schuf viele Arbeitspl\u00e4tze. Rund 70% der Stellen werden heute durch qualifizierte &hellip; <a href=\"https:\/\/www.azomo.ch\/safety\/de\/azomo\/produktion-indien\/\" class=\"more-link\"><span class=\"screen-reader-text\">\u201eIndien\u201c<\/span> weiterlesen<\/a><\/p>\n","protected":false},"author":2,"featured_media":1600,"parent":863,"menu_order":0,"comment_status":"closed","ping_status":"closed","template":"","meta":{"_acf_changed":false,"footnotes":""},"class_list":["post-1546","page","type-page","status-publish","has-post-thumbnail","hentry"],"acf":[],"_links":{"self":[{"href":"https:\/\/www.azomo.ch\/safety\/de\/wp-json\/wp\/v2\/pages\/1546","targetHints":{"allow":["GET"]}}],"collection":[{"href":"https:\/\/www.azomo.ch\/safety\/de\/wp-json\/wp\/v2\/pages"}],"about":[{"href":"https:\/\/www.azomo.ch\/safety\/de\/wp-json\/wp\/v2\/types\/page"}],"author":[{"embeddable":true,"href":"https:\/\/www.azomo.ch\/safety\/de\/wp-json\/wp\/v2\/users\/2"}],"replies":[{"embeddable":true,"href":"https:\/\/www.azomo.ch\/safety\/de\/wp-json\/wp\/v2\/comments?post=1546"}],"version-history":[{"count":26,"href":"https:\/\/www.azomo.ch\/safety\/de\/wp-json\/wp\/v2\/pages\/1546\/revisions"}],"predecessor-version":[{"id":2475,"href":"https:\/\/www.azomo.ch\/safety\/de\/wp-json\/wp\/v2\/pages\/1546\/revisions\/2475"}],"up":[{"embeddable":true,"href":"https:\/\/www.azomo.ch\/safety\/de\/wp-json\/wp\/v2\/pages\/863"}],"wp:featuredmedia":[{"embeddable":true,"href":"https:\/\/www.azomo.ch\/safety\/de\/wp-json\/wp\/v2\/media\/1600"}],"wp:attachment":[{"href":"https:\/\/www.azomo.ch\/safety\/de\/wp-json\/wp\/v2\/media?parent=1546"}],"curies":[{"name":"wp","href":"https:\/\/api.w.org\/{rel}","templated":true}]}}