{"id":1185,"date":"2019-10-01T14:00:29","date_gmt":"2019-10-01T12:00:29","guid":{"rendered":"https:\/\/www.azomo.ch\/safety\/?page_id=1185"},"modified":"2019-11-25T13:21:39","modified_gmt":"2019-11-25T12:21:39","slug":"umwelt","status":"publish","type":"page","link":"https:\/\/www.azomo.ch\/safety\/de\/azomo\/umwelt\/","title":{"rendered":"Standards"},"content":{"rendered":"\n<p><img loading=\"lazy\" decoding=\"async\" class=\"size-medium wp-image-1119 aligncenter\" src=\"https:\/\/www.azomo.ch\/safety\/wp-content\/uploads\/2019\/10\/695510-300x150.jpg\" alt=\"\" width=\"300\" height=\"150\" srcset=\"https:\/\/www.azomo.ch\/safety\/wp-content\/uploads\/2019\/10\/695510-300x150.jpg 300w, https:\/\/www.azomo.ch\/safety\/wp-content\/uploads\/2019\/10\/695510.jpg 400w\" sizes=\"auto, (max-width: 300px) 85vw, 300px\" \/><\/p>\n<p>\u00a0<\/p>\n<p>Die von Azomo zur Herstellung ihrer Produkte verwendeten Rohwaren\/Materialien sollen \u00f6kologisch wie auch ethisch unbedenklich sein und den aktuellen Normen entsprechen.<br \/><br \/>Warenbeschaffung f\u00fcr Textilien:<\/p>\n<p><strong>In Europa<\/strong><br \/>Wir verwenden zu 90% Materialien aus europ\u00e4ischer Produktion. Bei der Selektion der Hersteller legen wir Wert auf Nachhaltigkeit. Diese erf\u00fcllen die hohen Anforderungen\/Standards und sind ein- oder mehrfach zertifiziert.<\/p>\n<p><strong>In Asien<\/strong><br \/>Auch hier legen wir grossen Wert auf Nachhaltigkeit. Die Rohstoffe sollen \u00f6kologisch wie auch ethisch unbedenklich sein und die verwendeten Rohwaren m\u00fcssen den aktuellen Normen entsprechen.\u00a0<\/p>\n<p>Unsere Zulieferer\/Produktionsbetriebe sowie auch deren Produkte sind nach verschiedenen Standards zertifiziert. F\u00fcr detaillierte Ausk\u00fcnfte nehmen Sie bitte mit uns Kontakt auf: <span style=\"color: #ff0000\">contact@azomo.ch<\/span> <br \/><br \/><em>Hier einige Beispiele der verschiedenen Labels:<\/em><\/p>\n<table style=\"height: 99px;width: 100%;border-collapse: collapse\">\n<tbody>\n<tr style=\"height: 99px\">\n<td style=\"width: 16.6667%;height: 99px\"><img loading=\"lazy\" decoding=\"async\" class=\"alignnone size-full wp-image-1515\" src=\"https:\/\/www.azomo.ch\/safety\/wp-content\/uploads\/2019\/10\/BSCI.jpg\" alt=\"\" width=\"272\" height=\"100\" \/><\/td>\n<td style=\"width: 16.6667%;height: 99px\"><img loading=\"lazy\" decoding=\"async\" class=\"alignnone size-full wp-image-1513\" src=\"https:\/\/www.azomo.ch\/safety\/wp-content\/uploads\/2019\/10\/Sedex.png\" alt=\"\" width=\"100\" height=\"100\" \/><\/td>\n<td style=\"width: 16.6667%;height: 99px\"><img loading=\"lazy\" decoding=\"async\" class=\"alignnone size-full wp-image-1517\" src=\"https:\/\/www.azomo.ch\/safety\/wp-content\/uploads\/2019\/10\/Oeko-Tex-Standard-100-gepr\u00fcft-auf-Schadstoffe.png\" alt=\"\" width=\"162\" height=\"100\" \/><\/td>\n<td style=\"width: 16.6667%;height: 99px\"><img loading=\"lazy\" decoding=\"async\" class=\"alignnone size-full wp-image-1519\" src=\"https:\/\/www.azomo.ch\/safety\/wp-content\/uploads\/2019\/10\/Step-1.jpg\" alt=\"\" width=\"100\" height=\"100\" \/><\/td>\n<\/tr>\n<\/tbody>\n<\/table>\n<table style=\"border-collapse: collapse;width: 100%\">\n<tbody>\n<tr>\n<td style=\"width: 25%\"><img loading=\"lazy\" decoding=\"async\" class=\"alignnone size-full wp-image-1507\" src=\"https:\/\/www.azomo.ch\/safety\/wp-content\/uploads\/2019\/10\/bluesign.jpg\" alt=\"\" width=\"100\" height=\"100\" \/><\/td>\n<td style=\"width: 25%\"><img loading=\"lazy\" decoding=\"async\" class=\"alignnone size-full wp-image-1509\" src=\"https:\/\/www.azomo.ch\/safety\/wp-content\/uploads\/2019\/10\/gots.jpg\" alt=\"\" width=\"100\" height=\"100\" \/><\/td>\n<td style=\"width: 25%\"><img loading=\"lazy\" decoding=\"async\" class=\"alignnone size-full wp-image-1522\" src=\"https:\/\/www.azomo.ch\/safety\/wp-content\/uploads\/2019\/10\/reach_compliant_logo.jpg\" alt=\"\" width=\"124\" height=\"100\" \/><\/td>\n<td style=\"width: 25%\"><img loading=\"lazy\" decoding=\"async\" class=\"alignnone size-full wp-image-1511\" src=\"https:\/\/www.azomo.ch\/safety\/wp-content\/uploads\/2019\/10\/Fairtrade-Logo_cmyk_svg_.jpg\" alt=\"\" width=\"100\" height=\"100\" \/><\/td>\n<\/tr>\n<\/tbody>\n<\/table>\n<p>\u00a0<\/p>\n<p><strong>Warenbeschaffung f\u00fcr Sicherheitsschuhe:<\/strong><\/p>\n<p>Azomo India Private Limited ist f\u00fcr die Beschaffung der Rohmaterialien aus Asien, S\u00fcdamerika und Europa verantwortlich. Auch hier streben wir danach, die Standards umzusetzen. <br \/><br \/>Ein grosser Teil der Rohwaren stammt aus Indien. Die Pr\u00e4senz mit unserem lokalen Management erm\u00f6glicht eine strenge Selektion und \u00dcberwachung der Zulieferer.<\/p>\n<p>Der Grossteil der Bev\u00f6lkerung in Indien lebt auf dem Land als Kleinbauern. Sie sind Hindus und ihrer Religion folgend Vegetarier. <br \/>Wir verarbeiten in Indien ausnahmslos B\u00fcffelleder. Die B\u00fcffel werden nicht f\u00fcr die Lederindustrie gez\u00fcchtet, sondern von der Landbev\u00f6lkerung als Nutztiere und als Milchlieferanten gehalten. Oft leben nur 2 bis 3 Tiere pro Familie. Sie erhalten kein zugekauftes Kraftfutter. Die meisten Tiere sterben eines nat\u00fcrlichen Todes. Dementsprechend kommt ein grosser Teil des verwendeten Leders f\u00fcr die Produktion der Sicherheitsschuhe nicht von geschlachteten B\u00fcffeln. <br \/><br \/>Das Gerben von Tierh\u00e4uten ist umweltbelastend.\u00a0 Das Azomo Team Indien kauft vor Ort die qualitativ hochstehenden Lederh\u00e4ute direkt bei den Gerbereien. Sie ber\u00fccksichtigen ausschliesslich Betriebe, welche die geltenden Sozial- und Umweltstandards einhalten. Die Betriebe m\u00fcssen an eine Abwasserreinigungsanlage angeschlossen sein. \u00a0<\/p>\n<p><strong>Logistik und Transport:<\/strong><\/p>\n<p><strong>Importe aus Asien:<\/strong><br \/>Die mehrheit der Transporte erfolgt auf dem Seeweg. Lieferungen mit Luftfracht haben den h\u00f6chsten CO<sub>2<\/sub> Ausstoss. Aus diesem Grund reduzieren wir die Lufttransporte auf ein absolutes Minimum. <br \/><br \/>Wir arbeiten mit den grossen Transportgesellschaften zusammen, welche eigene Umweltprogramme haben um den CO<sub>2<\/sub> Ausstoss zu verringern.<\/p>\n<p><strong>Transporte in Europa:<\/strong><br \/>Die Verteilung der Waren erfolgt in Europa mehrheitlich mit den grossen Paketdienstleistern. Diese arbeiten aktiv daran die CO<sub>2\u00a0 <\/sub>Emissionen zu reduzieren.<\/p>\n<p>\u00a0<\/p>\n<p>\u00a0<\/p>\n<p>\u00a0<\/p>\n<p>\u00a0<\/p>\n","protected":false},"excerpt":{"rendered":"<p>\u00a0 Die von Azomo zur Herstellung ihrer Produkte verwendeten Rohwaren\/Materialien sollen \u00f6kologisch wie auch ethisch unbedenklich sein und den aktuellen Normen entsprechen. Warenbeschaffung f\u00fcr Textilien: In EuropaWir verwenden zu 90% Materialien aus europ\u00e4ischer Produktion. Bei der Selektion der Hersteller legen wir Wert auf Nachhaltigkeit. Diese erf\u00fcllen die hohen Anforderungen\/Standards und sind ein- oder mehrfach zertifiziert. &hellip; <a href=\"https:\/\/www.azomo.ch\/safety\/de\/azomo\/umwelt\/\" class=\"more-link\"><span class=\"screen-reader-text\">\u201eStandards\u201c<\/span> weiterlesen<\/a><\/p>\n","protected":false},"author":2,"featured_media":1167,"parent":863,"menu_order":3,"comment_status":"closed","ping_status":"closed","template":"","meta":{"_acf_changed":false,"footnotes":""},"class_list":["post-1185","page","type-page","status-publish","has-post-thumbnail","hentry"],"acf":[],"_links":{"self":[{"href":"https:\/\/www.azomo.ch\/safety\/de\/wp-json\/wp\/v2\/pages\/1185","targetHints":{"allow":["GET"]}}],"collection":[{"href":"https:\/\/www.azomo.ch\/safety\/de\/wp-json\/wp\/v2\/pages"}],"about":[{"href":"https:\/\/www.azomo.ch\/safety\/de\/wp-json\/wp\/v2\/types\/page"}],"author":[{"embeddable":true,"href":"https:\/\/www.azomo.ch\/safety\/de\/wp-json\/wp\/v2\/users\/2"}],"replies":[{"embeddable":true,"href":"https:\/\/www.azomo.ch\/safety\/de\/wp-json\/wp\/v2\/comments?post=1185"}],"version-history":[{"count":60,"href":"https:\/\/www.azomo.ch\/safety\/de\/wp-json\/wp\/v2\/pages\/1185\/revisions"}],"predecessor-version":[{"id":2466,"href":"https:\/\/www.azomo.ch\/safety\/de\/wp-json\/wp\/v2\/pages\/1185\/revisions\/2466"}],"up":[{"embeddable":true,"href":"https:\/\/www.azomo.ch\/safety\/de\/wp-json\/wp\/v2\/pages\/863"}],"wp:featuredmedia":[{"embeddable":true,"href":"https:\/\/www.azomo.ch\/safety\/de\/wp-json\/wp\/v2\/media\/1167"}],"wp:attachment":[{"href":"https:\/\/www.azomo.ch\/safety\/de\/wp-json\/wp\/v2\/media?parent=1185"}],"curies":[{"name":"wp","href":"https:\/\/api.w.org\/{rel}","templated":true}]}}