{"id":1113,"date":"2019-10-01T23:00:47","date_gmt":"2019-10-01T21:00:47","guid":{"rendered":"https:\/\/www.azomo.ch\/safety\/?page_id=1113"},"modified":"2019-11-01T15:53:19","modified_gmt":"2019-11-01T14:53:19","slug":"philosophie","status":"publish","type":"page","link":"https:\/\/www.azomo.ch\/safety\/de\/azomo\/philosophie\/","title":{"rendered":"Verantwortung"},"content":{"rendered":"<p><img loading=\"lazy\" decoding=\"async\" class=\"wp-image-1423 aligncenter\" src=\"https:\/\/www.azomo.ch\/safety\/wp-content\/uploads\/2019\/10\/philosophie-e1571324469505.jpeg\" alt=\"\" width=\"362\" height=\"286\" \/><\/p>\n<p style=\"text-align: center\">Erst wenn der letzte Baum gerodet, der letzte Fluss vergiftet,<br \/>\nder letzte Fisch gefangen ist, werdet Ihr feststellen, dass man Geld<br \/>\nnicht essen kann.<br \/>\nCree<\/p>\n<p>Diese Weisheit der Ureinwohner Amerikas begleitet mich seit meiner Jugend.<\/p>\n<p>35 Jahre Reisen hat meinen Horizont erweitert. Ge\u00f6ffnet f\u00fcr das Sch\u00f6ne dieser Welt und gleichzeitig die Wahrnehmung gesch\u00e4rft, wenn es um soziale Ungerechtigkeit, Armut und damit verbunden um die Zerst\u00f6rung unseres Lebensraumes geht.<\/p>\n<p>Bewusstsein im Alltag, Anpassungen und seien sie noch so klein, k\u00f6nnen vieles bewirken. Vorausgesetzt, viele denken und handeln so. Um zu ver\u00e4ndern, muss man entscheiden. Das war einer der Gr\u00fcnde, weshalb ich vor mehr als 30 Jahren den Weg in die Selbst\u00e4ndigkeit gew\u00e4hlt habe.<\/p>\n<p>Ich m\u00f6chte den Menschen, egal wo auf der Welt, auf Augenh\u00f6he begegnen, mit Anstand und Respekt. Der erste Schritt soll eine Basis f\u00fcr Vertrauen schaffen. Treffen sich Gleichgesinnte, kann daraus eine Partnerschaft entstehen, die in der globalisierten Wirtschaft etwas ver\u00e4ndern wird.<\/p>\n<p>Das Ziel: gute Arbeitsbedingungen, faire Entl\u00f6hung f\u00fcr alle und mehr Sorgfalt im Umgang mit der Natur.<\/p>\n<p>Was ich bewirken kann, ist vielleicht ein &#8222;Tropfen auf den heissen Stein&#8220; aber ich betrachte es als meine Verantwortung als Firmeninhaber.<\/p>\n<p><img loading=\"lazy\" decoding=\"async\" class=\"alignnone size-full wp-image-1419\" src=\"https:\/\/www.azomo.ch\/safety\/wp-content\/uploads\/2019\/10\/Mario-e1571324699674.jpg\" alt=\"\" width=\"200\" height=\"168\" \/><\/p>\n<p>Mario Schumacher<\/p>\n","protected":false},"excerpt":{"rendered":"<p>Erst wenn der letzte Baum gerodet, der letzte Fluss vergiftet, der letzte Fisch gefangen ist, werdet Ihr feststellen, dass man Geld nicht essen kann. Cree Diese Weisheit der Ureinwohner Amerikas begleitet mich seit meiner Jugend. 35 Jahre Reisen hat meinen Horizont erweitert. Ge\u00f6ffnet f\u00fcr das Sch\u00f6ne dieser Welt und gleichzeitig die Wahrnehmung gesch\u00e4rft, wenn es &hellip; <a href=\"https:\/\/www.azomo.ch\/safety\/de\/azomo\/philosophie\/\" class=\"more-link\"><span class=\"screen-reader-text\">\u201eVerantwortung\u201c<\/span> weiterlesen<\/a><\/p>\n","protected":false},"author":2,"featured_media":1417,"parent":863,"menu_order":2,"comment_status":"closed","ping_status":"closed","template":"","meta":{"_acf_changed":false,"footnotes":""},"class_list":["post-1113","page","type-page","status-publish","has-post-thumbnail","hentry"],"acf":[],"_links":{"self":[{"href":"https:\/\/www.azomo.ch\/safety\/de\/wp-json\/wp\/v2\/pages\/1113","targetHints":{"allow":["GET"]}}],"collection":[{"href":"https:\/\/www.azomo.ch\/safety\/de\/wp-json\/wp\/v2\/pages"}],"about":[{"href":"https:\/\/www.azomo.ch\/safety\/de\/wp-json\/wp\/v2\/types\/page"}],"author":[{"embeddable":true,"href":"https:\/\/www.azomo.ch\/safety\/de\/wp-json\/wp\/v2\/users\/2"}],"replies":[{"embeddable":true,"href":"https:\/\/www.azomo.ch\/safety\/de\/wp-json\/wp\/v2\/comments?post=1113"}],"version-history":[{"count":47,"href":"https:\/\/www.azomo.ch\/safety\/de\/wp-json\/wp\/v2\/pages\/1113\/revisions"}],"predecessor-version":[{"id":2400,"href":"https:\/\/www.azomo.ch\/safety\/de\/wp-json\/wp\/v2\/pages\/1113\/revisions\/2400"}],"up":[{"embeddable":true,"href":"https:\/\/www.azomo.ch\/safety\/de\/wp-json\/wp\/v2\/pages\/863"}],"wp:featuredmedia":[{"embeddable":true,"href":"https:\/\/www.azomo.ch\/safety\/de\/wp-json\/wp\/v2\/media\/1417"}],"wp:attachment":[{"href":"https:\/\/www.azomo.ch\/safety\/de\/wp-json\/wp\/v2\/media?parent=1113"}],"curies":[{"name":"wp","href":"https:\/\/api.w.org\/{rel}","templated":true}]}}