{"id":1067,"date":"2019-10-01T13:00:40","date_gmt":"2019-10-01T11:00:40","guid":{"rendered":"https:\/\/www.azomo.ch\/safety\/?page_id=1067"},"modified":"2020-02-19T18:12:54","modified_gmt":"2020-02-19T17:12:54","slug":"unser-partner-in-serbien","status":"publish","type":"page","link":"https:\/\/www.azomo.ch\/safety\/de\/azomo\/unser-partner-in-serbien\/","title":{"rendered":"Serbien"},"content":{"rendered":"\n<h2 style=\"text-align: center\">Unser Partner STIM<\/h2>\n<p style=\"text-align: left\">Die Ideen und Kreationen f\u00fcr die Berufsbekleidung von Azomo entstehen in der Schweiz und in enger Zusammenarbeit mit unserem Partner STIM in Serbien.<br \/><br \/>Seit 1987 produziert das inhabergef\u00fchrte Unternehmen Berufsbekleidung. STIM ist ISO 9001 und 14001 zertifiziert.<br \/><br \/>Die Er\u00f6ffnung der neuen Produktion 2018, war ein wichtiger Schritt in die Zukunft. Helle, moderne und klimatisierte R\u00e4ume bieten ein angenehmes Arbeitsumfeld f\u00fcr die rund 69 Mitarbeitenden.<\/p>\n<p style=\"text-align: left\"><img loading=\"lazy\" decoding=\"async\" class=\"size-full wp-image-1151 aligncenter\" src=\"https:\/\/www.azomo.ch\/safety\/wp-content\/uploads\/2019\/10\/Produktion_2.jpg\" alt=\"\" width=\"600\" height=\"338\" srcset=\"https:\/\/www.azomo.ch\/safety\/wp-content\/uploads\/2019\/10\/Produktion_2.jpg 600w, https:\/\/www.azomo.ch\/safety\/wp-content\/uploads\/2019\/10\/Produktion_2-300x169.jpg 300w\" sizes=\"auto, (max-width: 600px) 85vw, 600px\" \/><\/p>\n<p>Mit der Anschaffung von neuen Maschinen wird auch in Bezug auf Arbeitssicherheit ein hoher Standard erreicht.<\/p>\n<p>Die Inhaber nehmen auch die soziale Verantwortung wahr. Alle Besch\u00e4ftigten arbeiten im Monatslohn. Die Arbeitszeit betr\u00e4gt 8 Stunden inklusive zwei bezahlter Pausen bei einer 5 Tage Woche. Zus\u00e4tzlich wird noch ein Samstag pro Monat gearbeitet.<\/p>\n<p>Etwa 15 Hilfsarbeiter arbeiten zum staatlich festgelegten Mindestlohn. Der Rest der Belegschaft erh\u00e4lt einen wesentlich h\u00f6heren, ausbildungs- und leistungsabh\u00e4ngigen Monatslohn. Alle Angestellen bei STIM sind bei Unfall und Krankheit versichert.<\/p>\n<p>Einen Eindruck gewinnen Sie hier:<\/p>\n<p><iframe loading=\"lazy\" title=\"Azomo Video\" width=\"840\" height=\"473\" src=\"https:\/\/www.youtube.com\/embed\/J8DpjMoWHGI?feature=oembed\" frameborder=\"0\" allow=\"accelerometer; autoplay; encrypted-media; gyroscope; picture-in-picture\" allowfullscreen><\/iframe><\/p>\n<p>\u00a0<\/p>\n<p>\u00a0<\/p>\n\n\n","protected":false},"excerpt":{"rendered":"<p>Unser Partner STIM Die Ideen und Kreationen f\u00fcr die Berufsbekleidung von Azomo entstehen in der Schweiz und in enger Zusammenarbeit mit unserem Partner STIM in Serbien. Seit 1987 produziert das inhabergef\u00fchrte Unternehmen Berufsbekleidung. STIM ist ISO 9001 und 14001 zertifiziert. Die Er\u00f6ffnung der neuen Produktion 2018, war ein wichtiger Schritt in die Zukunft. Helle, moderne &hellip; <a href=\"https:\/\/www.azomo.ch\/safety\/de\/azomo\/unser-partner-in-serbien\/\" class=\"more-link\"><span class=\"screen-reader-text\">\u201eSerbien\u201c<\/span> weiterlesen<\/a><\/p>\n","protected":false},"author":2,"featured_media":1492,"parent":863,"menu_order":0,"comment_status":"closed","ping_status":"closed","template":"","meta":{"_acf_changed":false,"footnotes":""},"class_list":["post-1067","page","type-page","status-publish","has-post-thumbnail","hentry"],"acf":[],"_links":{"self":[{"href":"https:\/\/www.azomo.ch\/safety\/de\/wp-json\/wp\/v2\/pages\/1067","targetHints":{"allow":["GET"]}}],"collection":[{"href":"https:\/\/www.azomo.ch\/safety\/de\/wp-json\/wp\/v2\/pages"}],"about":[{"href":"https:\/\/www.azomo.ch\/safety\/de\/wp-json\/wp\/v2\/types\/page"}],"author":[{"embeddable":true,"href":"https:\/\/www.azomo.ch\/safety\/de\/wp-json\/wp\/v2\/users\/2"}],"replies":[{"embeddable":true,"href":"https:\/\/www.azomo.ch\/safety\/de\/wp-json\/wp\/v2\/comments?post=1067"}],"version-history":[{"count":31,"href":"https:\/\/www.azomo.ch\/safety\/de\/wp-json\/wp\/v2\/pages\/1067\/revisions"}],"predecessor-version":[{"id":2649,"href":"https:\/\/www.azomo.ch\/safety\/de\/wp-json\/wp\/v2\/pages\/1067\/revisions\/2649"}],"up":[{"embeddable":true,"href":"https:\/\/www.azomo.ch\/safety\/de\/wp-json\/wp\/v2\/pages\/863"}],"wp:featuredmedia":[{"embeddable":true,"href":"https:\/\/www.azomo.ch\/safety\/de\/wp-json\/wp\/v2\/media\/1492"}],"wp:attachment":[{"href":"https:\/\/www.azomo.ch\/safety\/de\/wp-json\/wp\/v2\/media?parent=1067"}],"curies":[{"name":"wp","href":"https:\/\/api.w.org\/{rel}","templated":true}]}}