{"id":1061,"date":"2019-10-02T23:30:41","date_gmt":"2019-10-02T21:30:41","guid":{"rendered":"https:\/\/www.azomo.ch\/safety\/?page_id=1061"},"modified":"2019-11-25T13:24:08","modified_gmt":"2019-11-25T12:24:08","slug":"info-zu-azomo","status":"publish","type":"page","link":"https:\/\/www.azomo.ch\/safety\/de\/azomo\/info-zu-azomo\/","title":{"rendered":"Die Firma"},"content":{"rendered":"\n<h3><strong>Azomo GmbH<br \/><\/strong><\/h3>\n<p>2007 wurde sie in der Schweiz gegr\u00fcndet.<br \/><br \/>Unsere Idee: Die Herstellung von Arbeitsbekleidung nach eigenen Vorstellungen, mit angenehmen Materialien und zu guter Letzt, zu annehmbaren Preisen.<br \/><br \/>Mit unserem Produktionspartner in Serbien entwerfen und fertigen wir anspruchsvolle Berufsbekleidung f\u00fcr fast alle Anwendungsbereiche.<br \/><br \/>Bei Azomo India Private Limited, entstehen seit 2017 moderne, komfortable Sicherheitsschuhe.<br \/><br \/>Die enge Zusammenarbeit mit den Herstellern garantiert grosse Flexibilit\u00e4t und erm\u00f6glicht es uns, auf einzelne Kundenw\u00fcnsche einzugehen. Kleinere Serien sind bei der Bekleidung sowie bei den Sicherheitsschuhen machbar.\u00a0 <br \/><br \/>Unsere Produkte sollen \u00f6kologisch wie auch ethisch unbedenklich sein und die verwendeten Rohwaren m\u00fcssen den aktuellen Normen entsprechen. Die Azomo GmbH produziert nur unter sozialer und \u00f6konomischer Fairness.<br \/><br \/>Unsere Produkte sind \u00fcber den Fachhandel erh\u00e4ltlich.<\/p>\n","protected":false},"excerpt":{"rendered":"<p>Azomo GmbH 2007 wurde sie in der Schweiz gegr\u00fcndet. Unsere Idee: Die Herstellung von Arbeitsbekleidung nach eigenen Vorstellungen, mit angenehmen Materialien und zu guter Letzt, zu annehmbaren Preisen. Mit unserem Produktionspartner in Serbien entwerfen und fertigen wir anspruchsvolle Berufsbekleidung f\u00fcr fast alle Anwendungsbereiche. Bei Azomo India Private Limited, entstehen seit 2017 moderne, komfortable Sicherheitsschuhe. Die &hellip; <a href=\"https:\/\/www.azomo.ch\/safety\/de\/azomo\/info-zu-azomo\/\" class=\"more-link\"><span class=\"screen-reader-text\">\u201eDie Firma\u201c<\/span> weiterlesen<\/a><\/p>\n","protected":false},"author":2,"featured_media":1172,"parent":863,"menu_order":0,"comment_status":"closed","ping_status":"closed","template":"","meta":{"_acf_changed":false,"footnotes":""},"class_list":["post-1061","page","type-page","status-publish","has-post-thumbnail","hentry"],"acf":[],"_links":{"self":[{"href":"https:\/\/www.azomo.ch\/safety\/de\/wp-json\/wp\/v2\/pages\/1061","targetHints":{"allow":["GET"]}}],"collection":[{"href":"https:\/\/www.azomo.ch\/safety\/de\/wp-json\/wp\/v2\/pages"}],"about":[{"href":"https:\/\/www.azomo.ch\/safety\/de\/wp-json\/wp\/v2\/types\/page"}],"author":[{"embeddable":true,"href":"https:\/\/www.azomo.ch\/safety\/de\/wp-json\/wp\/v2\/users\/2"}],"replies":[{"embeddable":true,"href":"https:\/\/www.azomo.ch\/safety\/de\/wp-json\/wp\/v2\/comments?post=1061"}],"version-history":[{"count":43,"href":"https:\/\/www.azomo.ch\/safety\/de\/wp-json\/wp\/v2\/pages\/1061\/revisions"}],"predecessor-version":[{"id":2467,"href":"https:\/\/www.azomo.ch\/safety\/de\/wp-json\/wp\/v2\/pages\/1061\/revisions\/2467"}],"up":[{"embeddable":true,"href":"https:\/\/www.azomo.ch\/safety\/de\/wp-json\/wp\/v2\/pages\/863"}],"wp:featuredmedia":[{"embeddable":true,"href":"https:\/\/www.azomo.ch\/safety\/de\/wp-json\/wp\/v2\/media\/1172"}],"wp:attachment":[{"href":"https:\/\/www.azomo.ch\/safety\/de\/wp-json\/wp\/v2\/media?parent=1061"}],"curies":[{"name":"wp","href":"https:\/\/api.w.org\/{rel}","templated":true}]}}